{"id":27,"date":"2020-06-10T20:32:03","date_gmt":"2020-06-10T20:32:03","guid":{"rendered":"https:\/\/mmexcoplast.rs\/?page_id=27"},"modified":"2020-07-14T12:34:31","modified_gmt":"2020-07-14T12:34:31","slug":"sertifikati","status":"publish","type":"page","link":"https:\/\/mmexcoplast.rs\/en\/sertifikati\/","title":{"rendered":"Certificates"},"content":{"rendered":"<p>[et_pb_section fb_built=&#8220;1&#8243; custom_padding_last_edited=&#8220;on|tablet&#8220; _builder_version=&#8220;4.5.0&#8243; custom_margin=&#8220;||1px|||&#8220; custom_padding=&#8220;||300px|||&#8220; custom_padding_tablet=&#8220;||10px||false|false&#8220; custom_padding_phone=&#8220;||10px||false|false&#8220;][et_pb_row column_structure=&#8220;1_2,1_2&#8243; _builder_version=&#8220;4.4.8&#8243;][et_pb_column type=&#8220;1_2&#8243; _builder_version=&#8220;4.4.8&#8243;][et_pb_blurb title=&#8220;ISO 9001:2015&#8243; url=&#8220;@ET-DC@eyJkeW5hbWljIjp0cnVlLCJjb250ZW50IjoicG9zdF9saW5rX3VybF9hdHRhY2htZW50Iiwic2V0dGluZ3MiOnsicG9zdF9pZCI6IjI0NCJ9fQ==@&#8220; image=&#8220;https:\/\/mmexcoplast.rs\/wp-content\/uploads\/2020\/06\/9001-2015-e1593431611974.jpg&#8220; alt=&#8220;ISO 9001-2015&#8243; _builder_version=&#8220;4.4.8&#8243; _dynamic_attributes=&#8220;url&#8220; header_level=&#8220;h2&#8243; header_text_align=&#8220;left&#8220;]<\/p>\n<p style=\"text-align: justify;\"><strong>ISO 9001<\/strong><span>\u00a0je me\u0111unarodni standard koji sadr\u017ei zahteve za\u00a0<\/span><strong>sistem upravljanja kvalitetom<\/strong><span>\u00a0u poslovnoj organizaciji koje organizacija mora ispuniti da bi uskladila svoje poslovanje sa me\u0111unarodno priznatim normama.<\/span><\/p>\n<p>[\/et_pb_blurb][\/et_pb_column][et_pb_column type=&#8220;1_2&#8243; _builder_version=&#8220;4.4.8&#8243;][et_pb_blurb title=&#8220;ISO 14001:2015&#8243; url=&#8220;@ET-DC@eyJkeW5hbWljIjp0cnVlLCJjb250ZW50IjoicG9zdF9saW5rX3VybF9hdHRhY2htZW50Iiwic2V0dGluZ3MiOnsicG9zdF9pZCI6IjI0NSJ9fQ==@&#8220; image=&#8220;https:\/\/mmexcoplast.rs\/wp-content\/uploads\/2020\/06\/14001-2015-e1593431576649.jpg&#8220; alt=&#8220;ISO 14001-2015&#8243; _builder_version=&#8220;4.4.8&#8243; _dynamic_attributes=&#8220;url&#8220; header_level=&#8220;h2&#8243;]<\/p>\n<p style=\"text-align: justify;\"><strong>ISO 14001:2015<\/strong> defini\u0161e zahteve za <strong>upravljanje za\u0161titom \u017eivotne sredine.<\/strong> Ispunjavanje ovih zahteva je potrebno dokumentovati kako bi postojao dokaz o po\u0161tovanju standarda\u00a0o efikasnom radu u skladu sa standardom. Osnovna namena je da se stalno pobolj\u0161ava za\u0161tita \u017eivotne sredine.<\/p>\n<p>[\/et_pb_blurb][\/et_pb_column][\/et_pb_row][\/et_pb_section]<\/p>\n","protected":false},"excerpt":{"rendered":"<p>ISO 9001\u00a0je me\u0111unarodni standard koji sadr\u017ei zahteve za\u00a0sistem upravljanja kvalitetom\u00a0u poslovnoj organizaciji koje organizacija mora ispuniti da bi uskladila svoje poslovanje sa me\u0111unarodno priznatim normama.ISO 14001:2015 defini\u0161e zahteve za upravljanje za\u0161titom \u017eivotne sredine. Ispunjavanje ovih zahteva je potrebno dokumentovati kako bi postojao dokaz o po\u0161tovanju standarda\u00a0o efikasnom radu u skladu sa standardom. Osnovna namena je [&hellip;]<\/p>\n","protected":false},"author":1,"featured_media":0,"parent":0,"menu_order":0,"comment_status":"closed","ping_status":"closed","template":"","meta":{"_et_pb_use_builder":"on","_et_pb_old_content":"<!-- wp:divi\/placeholder \/-->","_et_gb_content_width":"","footnotes":""},"class_list":["post-27","page","type-page","status-publish","hentry"],"yoast_head":"<!-- This site is optimized with the Yoast SEO plugin v25.6 - https:\/\/yoast.com\/wordpress\/plugins\/seo\/ -->\n<title>Sertifikati - M&amp;M EXCo plast sistem<\/title>\n<meta name=\"robots\" content=\"index, follow, max-snippet:-1, max-image-preview:large, max-video-preview:-1\" \/>\n<link rel=\"canonical\" href=\"https:\/\/mmexcoplast.rs\/en\/sertifikati\/\" \/>\n<meta property=\"og:locale\" content=\"en_US\" \/>\n<meta property=\"og:type\" content=\"article\" \/>\n<meta property=\"og:title\" content=\"Sertifikati - M&amp;M EXCo plast sistem\" \/>\n<meta property=\"og:description\" content=\"ISO 9001\u00a0je me\u0111unarodni standard koji sadr\u017ei zahteve za\u00a0sistem upravljanja kvalitetom\u00a0u poslovnoj organizaciji koje organizacija mora ispuniti da bi uskladila svoje poslovanje sa me\u0111unarodno priznatim normama.ISO 14001:2015 defini\u0161e zahteve za upravljanje za\u0161titom \u017eivotne sredine. Ispunjavanje ovih zahteva je potrebno dokumentovati kako bi postojao dokaz o po\u0161tovanju standarda\u00a0o efikasnom radu u skladu sa standardom. Osnovna namena je [&hellip;]\" \/>\n<meta property=\"og:url\" content=\"https:\/\/mmexcoplast.rs\/en\/sertifikati\/\" \/>\n<meta property=\"og:site_name\" content=\"M&amp;M EXCo plast sistem\" \/>\n<meta property=\"article:modified_time\" content=\"2020-07-14T12:34:31+00:00\" \/>\n<meta name=\"twitter:card\" content=\"summary_large_image\" \/>\n<meta name=\"twitter:label1\" content=\"Est. reading time\" \/>\n\t<meta name=\"twitter:data1\" content=\"1 minute\" \/>\n<script type=\"application\/ld+json\" class=\"yoast-schema-graph\">{\"@context\":\"https:\/\/schema.org\",\"@graph\":[{\"@type\":\"WebPage\",\"@id\":\"https:\/\/mmexcoplast.rs\/sertifikati\/\",\"url\":\"https:\/\/mmexcoplast.rs\/sertifikati\/\",\"name\":\"Sertifikati - M&amp;M EXCo plast sistem\",\"isPartOf\":{\"@id\":\"https:\/\/mmexcoplast.rs\/#website\"},\"datePublished\":\"2020-06-10T20:32:03+00:00\",\"dateModified\":\"2020-07-14T12:34:31+00:00\",\"breadcrumb\":{\"@id\":\"https:\/\/mmexcoplast.rs\/sertifikati\/#breadcrumb\"},\"inLanguage\":\"en-US\",\"potentialAction\":[{\"@type\":\"ReadAction\",\"target\":[\"https:\/\/mmexcoplast.rs\/sertifikati\/\"]}]},{\"@type\":\"BreadcrumbList\",\"@id\":\"https:\/\/mmexcoplast.rs\/sertifikati\/#breadcrumb\",\"itemListElement\":[{\"@type\":\"ListItem\",\"position\":1,\"name\":\"Home\",\"item\":\"https:\/\/mmexcoplast.rs\/\"},{\"@type\":\"ListItem\",\"position\":2,\"name\":\"Sertifikati\"}]},{\"@type\":\"WebSite\",\"@id\":\"https:\/\/mmexcoplast.rs\/#website\",\"url\":\"https:\/\/mmexcoplast.rs\/\",\"name\":\"M&M EXCo plast sistem\",\"description\":\"\",\"publisher\":{\"@id\":\"https:\/\/mmexcoplast.rs\/#organization\"},\"potentialAction\":[{\"@type\":\"SearchAction\",\"target\":{\"@type\":\"EntryPoint\",\"urlTemplate\":\"https:\/\/mmexcoplast.rs\/?s={search_term_string}\"},\"query-input\":{\"@type\":\"PropertyValueSpecification\",\"valueRequired\":true,\"valueName\":\"search_term_string\"}}],\"inLanguage\":\"en-US\"},{\"@type\":\"Organization\",\"@id\":\"https:\/\/mmexcoplast.rs\/#organization\",\"name\":\"M&M EXCo plast\",\"url\":\"https:\/\/mmexcoplast.rs\/\",\"logo\":{\"@type\":\"ImageObject\",\"inLanguage\":\"en-US\",\"@id\":\"https:\/\/mmexcoplast.rs\/#\/schema\/logo\/image\/\",\"url\":\"https:\/\/mmexcoplast.rs\/wp-content\/uploads\/2020\/06\/LOGO.png\",\"contentUrl\":\"https:\/\/mmexcoplast.rs\/wp-content\/uploads\/2020\/06\/LOGO.png\",\"width\":447,\"height\":219,\"caption\":\"M&M EXCo plast\"},\"image\":{\"@id\":\"https:\/\/mmexcoplast.rs\/#\/schema\/logo\/image\/\"}}]}<\/script>\n<!-- \/ Yoast SEO plugin. -->","yoast_head_json":{"title":"Sertifikati - M&amp;M EXCo plast sistem","robots":{"index":"index","follow":"follow","max-snippet":"max-snippet:-1","max-image-preview":"max-image-preview:large","max-video-preview":"max-video-preview:-1"},"canonical":"https:\/\/mmexcoplast.rs\/en\/sertifikati\/","og_locale":"en_US","og_type":"article","og_title":"Sertifikati - M&amp;M EXCo plast sistem","og_description":"ISO 9001\u00a0je me\u0111unarodni standard koji sadr\u017ei zahteve za\u00a0sistem upravljanja kvalitetom\u00a0u poslovnoj organizaciji koje organizacija mora ispuniti da bi uskladila svoje poslovanje sa me\u0111unarodno priznatim normama.ISO 14001:2015 defini\u0161e zahteve za upravljanje za\u0161titom \u017eivotne sredine. Ispunjavanje ovih zahteva je potrebno dokumentovati kako bi postojao dokaz o po\u0161tovanju standarda\u00a0o efikasnom radu u skladu sa standardom. Osnovna namena je [&hellip;]","og_url":"https:\/\/mmexcoplast.rs\/en\/sertifikati\/","og_site_name":"M&amp;M EXCo plast sistem","article_modified_time":"2020-07-14T12:34:31+00:00","twitter_card":"summary_large_image","twitter_misc":{"Est. reading time":"1 minute"},"schema":{"@context":"https:\/\/schema.org","@graph":[{"@type":"WebPage","@id":"https:\/\/mmexcoplast.rs\/sertifikati\/","url":"https:\/\/mmexcoplast.rs\/sertifikati\/","name":"Sertifikati - M&amp;M EXCo plast sistem","isPartOf":{"@id":"https:\/\/mmexcoplast.rs\/#website"},"datePublished":"2020-06-10T20:32:03+00:00","dateModified":"2020-07-14T12:34:31+00:00","breadcrumb":{"@id":"https:\/\/mmexcoplast.rs\/sertifikati\/#breadcrumb"},"inLanguage":"en-US","potentialAction":[{"@type":"ReadAction","target":["https:\/\/mmexcoplast.rs\/sertifikati\/"]}]},{"@type":"BreadcrumbList","@id":"https:\/\/mmexcoplast.rs\/sertifikati\/#breadcrumb","itemListElement":[{"@type":"ListItem","position":1,"name":"Home","item":"https:\/\/mmexcoplast.rs\/"},{"@type":"ListItem","position":2,"name":"Sertifikati"}]},{"@type":"WebSite","@id":"https:\/\/mmexcoplast.rs\/#website","url":"https:\/\/mmexcoplast.rs\/","name":"M&M EXCo plast sistem","description":"","publisher":{"@id":"https:\/\/mmexcoplast.rs\/#organization"},"potentialAction":[{"@type":"SearchAction","target":{"@type":"EntryPoint","urlTemplate":"https:\/\/mmexcoplast.rs\/?s={search_term_string}"},"query-input":{"@type":"PropertyValueSpecification","valueRequired":true,"valueName":"search_term_string"}}],"inLanguage":"en-US"},{"@type":"Organization","@id":"https:\/\/mmexcoplast.rs\/#organization","name":"M&M EXCo plast","url":"https:\/\/mmexcoplast.rs\/","logo":{"@type":"ImageObject","inLanguage":"en-US","@id":"https:\/\/mmexcoplast.rs\/#\/schema\/logo\/image\/","url":"https:\/\/mmexcoplast.rs\/wp-content\/uploads\/2020\/06\/LOGO.png","contentUrl":"https:\/\/mmexcoplast.rs\/wp-content\/uploads\/2020\/06\/LOGO.png","width":447,"height":219,"caption":"M&M EXCo plast"},"image":{"@id":"https:\/\/mmexcoplast.rs\/#\/schema\/logo\/image\/"}}]}},"_links":{"self":[{"href":"https:\/\/mmexcoplast.rs\/en\/wp-json\/wp\/v2\/pages\/27"}],"collection":[{"href":"https:\/\/mmexcoplast.rs\/en\/wp-json\/wp\/v2\/pages"}],"about":[{"href":"https:\/\/mmexcoplast.rs\/en\/wp-json\/wp\/v2\/types\/page"}],"author":[{"embeddable":true,"href":"https:\/\/mmexcoplast.rs\/en\/wp-json\/wp\/v2\/users\/1"}],"replies":[{"embeddable":true,"href":"https:\/\/mmexcoplast.rs\/en\/wp-json\/wp\/v2\/comments?post=27"}],"version-history":[{"count":0,"href":"https:\/\/mmexcoplast.rs\/en\/wp-json\/wp\/v2\/pages\/27\/revisions"}],"wp:attachment":[{"href":"https:\/\/mmexcoplast.rs\/en\/wp-json\/wp\/v2\/media?parent=27"}],"curies":[{"name":"wp","href":"https:\/\/api.w.org\/{rel}","templated":true}]}}