{"id":329,"date":"2020-07-04T17:23:07","date_gmt":"2020-07-04T17:23:07","guid":{"rendered":"https:\/\/mmexcoplast.rs\/?page_id=329"},"modified":"2020-10-24T13:17:38","modified_gmt":"2020-10-24T13:17:38","slug":"samolepljive-etikete","status":"publish","type":"page","link":"https:\/\/mmexcoplast.rs\/en\/proizvodi\/mono-materijali\/samolepljive-etikete\/","title":{"rendered":"Self-adhesive labels"},"content":{"rendered":"<p>[et_pb_section fb_built=&#8220;1&#8243; _builder_version=&#8220;4.6.6&#8243; _module_preset=&#8220;default&#8220;][et_pb_row _builder_version=&#8220;4.6.6&#8243; _module_preset=&#8220;default&#8220; custom_padding=&#8220;3px|||||&#8220;][et_pb_column type=&#8220;4_4&#8243; _builder_version=&#8220;4.6.6&#8243; _module_preset=&#8220;default&#8220;][et_pb_blurb image=&#8220;https:\/\/mmexcoplast.rs\/wp-content\/uploads\/2020\/10\/Materijal-etikete.jpg&#8220; alt=&#8220;\u0161tampanje etiketa&#8220; _builder_version=&#8220;4.6.6&#8243; _module_preset=&#8220;default&#8220;][\/et_pb_blurb][\/et_pb_column][\/et_pb_row][et_pb_row _builder_version=&#8220;4.6.6&#8243; _module_preset=&#8220;default&#8220; custom_padding=&#8220;3px|||||&#8220;][et_pb_column type=&#8220;4_4&#8243; _builder_version=&#8220;4.6.6&#8243; _module_preset=&#8220;default&#8220;][et_pb_text _builder_version=&#8220;4.6.6&#8243; _module_preset=&#8220;default&#8220;]<\/p>\n<p><strong>1.\u00a0Zavr\u0161ni sloj<\/strong> &#8211; daje etiketi boju i fini\u0161, prima otisak i pove\u0107ava otpornost na vremenske uticaje, hemikalije i toplotu.<\/p>\n<p><strong>2. Podloga<\/strong> &#8211; daje etiketi oblik i obezbe\u0111uje mehani\u010dka svojstva, kao \u0161to su zatezna \u010dvrsto\u0107a i fleksibilnost, i fizi\u010dka svojstva, kao \u0161to su hemijska i temperaturna otpornost.<\/p>\n<p><strong>3. Lepak\u00a0<\/strong><span style=\"font-size: 14px;\">\u00a0<\/span><\/p>\n<p><span style=\"font-size: 14px;\"><span style=\"text-decoration: underline;\">Akril<\/span>: Odli\u010dne karakteristike prijanjanja oko op\u0161te primene. Tako\u0111e idealan za materijale sa visokom povr\u0161inskom energijom i grube povr\u0161ine.<\/span><\/p>\n<p><span style=\"font-size: 14px; text-decoration-line: underline;\">Guma<\/span><span style=\"font-size: 14px;\">: Ja\u010da od akrila za upotrebu na plastikama sa niskom povr\u0161inskom energijom. Ovaj materijal je osetljiv na razgradnju od povi\u0161enih temperatura i UV svetlosti.<\/span><\/p>\n<p><strong style=\"font-size: 14px;\">4. Podloga<\/strong><span style=\"font-size: 14px;\"> &#8211; je vrlo tanak nosa\u010d koji \u0161titi lepilo i omogu\u0107ava uklanjanje nalepnice<\/span><\/p>\n<p>[\/et_pb_text][\/et_pb_column][\/et_pb_row][et_pb_row column_structure=&#8220;1_2,1_2&#8243; _builder_version=&#8220;4.6.6&#8243; _module_preset=&#8220;default&#8220;][et_pb_column type=&#8220;1_2&#8243; _builder_version=&#8220;4.6.6&#8243; _module_preset=&#8220;default&#8220;][et_pb_blurb title=&#8220;BLANKO SAMOLEPLJIVE ETIKETE&#8220; image=&#8220;https:\/\/mmexcoplast.rs\/wp-content\/uploads\/2020\/07\/blanco-etikete-5-compressor.jpg&#8220; alt=&#8220;\u0161tampanje blanko etiketa&#8220; _builder_version=&#8220;4.6.6&#8243; _module_preset=&#8220;default&#8220; hover_enabled=&#8220;0&#8243; url=&#8220;https:\/\/mmexcoplast.rs\/proizvodi\/mono-materijali\/samolepljive-etikete\/blanko\/&#8220; sticky_enabled=&#8220;0&#8243;][\/et_pb_blurb][\/et_pb_column][et_pb_column type=&#8220;1_2&#8243; _builder_version=&#8220;4.6.6&#8243; _module_preset=&#8220;default&#8220;][et_pb_blurb title=&#8220;\u0160TAMPANE SAMOLEPLJIVE ETIKETE&#8220; image=&#8220;https:\/\/mmexcoplast.rs\/wp-content\/uploads\/2020\/07\/stampane-etikete-3-compressor.jpg&#8220; alt=&#8220;\u0161tampanje etiketa&#8220; _builder_version=&#8220;4.6.6&#8243; _module_preset=&#8220;default&#8220; hover_enabled=&#8220;0&#8243; url=&#8220;https:\/\/mmexcoplast.rs\/proizvodi\/mono-materijali\/samolepljive-etikete\/stampane\/&#8220; sticky_enabled=&#8220;0&#8243;][\/et_pb_blurb][\/et_pb_column][\/et_pb_row][\/et_pb_section]<\/p>\n","protected":false},"excerpt":{"rendered":"<p>1.\u00a0Zavr\u0161ni sloj &#8211; daje etiketi boju i fini\u0161, prima otisak i pove\u0107ava otpornost na vremenske uticaje, hemikalije i toplotu. 2. Podloga &#8211; daje etiketi oblik i obezbe\u0111uje mehani\u010dka svojstva, kao \u0161to su zatezna \u010dvrsto\u0107a i fleksibilnost, i fizi\u010dka svojstva, kao \u0161to su hemijska i temperaturna otpornost. 3. Lepak\u00a0\u00a0 Akril: Odli\u010dne karakteristike prijanjanja oko op\u0161te primene. [&hellip;]<\/p>\n","protected":false},"author":1,"featured_media":0,"parent":313,"menu_order":0,"comment_status":"closed","ping_status":"closed","template":"","meta":{"_et_pb_use_builder":"on","_et_pb_old_content":"<!-- wp:divi\/placeholder \/-->","_et_gb_content_width":"","footnotes":""},"class_list":["post-329","page","type-page","status-publish","hentry"],"yoast_head":"<!-- This site is optimized with the Yoast SEO plugin v25.6 - https:\/\/yoast.com\/wordpress\/plugins\/seo\/ -->\n<title>Samolepljive etikete - M&amp;M EXCo plast sistem<\/title>\n<meta name=\"robots\" content=\"index, follow, max-snippet:-1, max-image-preview:large, max-video-preview:-1\" \/>\n<link rel=\"canonical\" href=\"https:\/\/mmexcoplast.rs\/en\/proizvodi\/mono-materijali\/samolepljive-etikete\/\" \/>\n<meta property=\"og:locale\" content=\"en_US\" \/>\n<meta property=\"og:type\" content=\"article\" \/>\n<meta property=\"og:title\" content=\"Samolepljive etikete - M&amp;M EXCo plast sistem\" \/>\n<meta property=\"og:description\" content=\"1.\u00a0Zavr\u0161ni sloj - daje etiketi boju i fini\u0161, prima otisak i pove\u0107ava otpornost na vremenske uticaje, hemikalije i toplotu. 2. Podloga - daje etiketi oblik i obezbe\u0111uje mehani\u010dka svojstva, kao \u0161to su zatezna \u010dvrsto\u0107a i fleksibilnost, i fizi\u010dka svojstva, kao \u0161to su hemijska i temperaturna otpornost. 3. Lepak\u00a0\u00a0 Akril: Odli\u010dne karakteristike prijanjanja oko op\u0161te primene. [&hellip;]\" \/>\n<meta property=\"og:url\" content=\"https:\/\/mmexcoplast.rs\/en\/proizvodi\/mono-materijali\/samolepljive-etikete\/\" \/>\n<meta property=\"og:site_name\" content=\"M&amp;M EXCo plast sistem\" \/>\n<meta property=\"article:modified_time\" content=\"2020-10-24T13:17:38+00:00\" \/>\n<meta name=\"twitter:card\" content=\"summary_large_image\" \/>\n<meta name=\"twitter:label1\" content=\"Est. reading time\" \/>\n\t<meta name=\"twitter:data1\" content=\"2 minutes\" \/>\n<script type=\"application\/ld+json\" class=\"yoast-schema-graph\">{\"@context\":\"https:\/\/schema.org\",\"@graph\":[{\"@type\":\"WebPage\",\"@id\":\"https:\/\/mmexcoplast.rs\/proizvodi\/mono-materijali\/samolepljive-etikete\/\",\"url\":\"https:\/\/mmexcoplast.rs\/proizvodi\/mono-materijali\/samolepljive-etikete\/\",\"name\":\"Samolepljive etikete - M&amp;M EXCo plast sistem\",\"isPartOf\":{\"@id\":\"https:\/\/mmexcoplast.rs\/#website\"},\"datePublished\":\"2020-07-04T17:23:07+00:00\",\"dateModified\":\"2020-10-24T13:17:38+00:00\",\"breadcrumb\":{\"@id\":\"https:\/\/mmexcoplast.rs\/proizvodi\/mono-materijali\/samolepljive-etikete\/#breadcrumb\"},\"inLanguage\":\"en-US\",\"potentialAction\":[{\"@type\":\"ReadAction\",\"target\":[\"https:\/\/mmexcoplast.rs\/proizvodi\/mono-materijali\/samolepljive-etikete\/\"]}]},{\"@type\":\"BreadcrumbList\",\"@id\":\"https:\/\/mmexcoplast.rs\/proizvodi\/mono-materijali\/samolepljive-etikete\/#breadcrumb\",\"itemListElement\":[{\"@type\":\"ListItem\",\"position\":1,\"name\":\"Home\",\"item\":\"https:\/\/mmexcoplast.rs\/\"},{\"@type\":\"ListItem\",\"position\":2,\"name\":\"Proizvodi\",\"item\":\"https:\/\/mmexcoplast.rs\/proizvodi\/\"},{\"@type\":\"ListItem\",\"position\":3,\"name\":\"Mono materijali\",\"item\":\"https:\/\/mmexcoplast.rs\/proizvodi\/mono-materijali\/\"},{\"@type\":\"ListItem\",\"position\":4,\"name\":\"Samolepljive etikete\"}]},{\"@type\":\"WebSite\",\"@id\":\"https:\/\/mmexcoplast.rs\/#website\",\"url\":\"https:\/\/mmexcoplast.rs\/\",\"name\":\"M&M EXCo plast sistem\",\"description\":\"\",\"publisher\":{\"@id\":\"https:\/\/mmexcoplast.rs\/#organization\"},\"potentialAction\":[{\"@type\":\"SearchAction\",\"target\":{\"@type\":\"EntryPoint\",\"urlTemplate\":\"https:\/\/mmexcoplast.rs\/?s={search_term_string}\"},\"query-input\":{\"@type\":\"PropertyValueSpecification\",\"valueRequired\":true,\"valueName\":\"search_term_string\"}}],\"inLanguage\":\"en-US\"},{\"@type\":\"Organization\",\"@id\":\"https:\/\/mmexcoplast.rs\/#organization\",\"name\":\"M&M EXCo plast\",\"url\":\"https:\/\/mmexcoplast.rs\/\",\"logo\":{\"@type\":\"ImageObject\",\"inLanguage\":\"en-US\",\"@id\":\"https:\/\/mmexcoplast.rs\/#\/schema\/logo\/image\/\",\"url\":\"https:\/\/mmexcoplast.rs\/wp-content\/uploads\/2020\/06\/LOGO.png\",\"contentUrl\":\"https:\/\/mmexcoplast.rs\/wp-content\/uploads\/2020\/06\/LOGO.png\",\"width\":447,\"height\":219,\"caption\":\"M&M EXCo plast\"},\"image\":{\"@id\":\"https:\/\/mmexcoplast.rs\/#\/schema\/logo\/image\/\"}}]}<\/script>\n<!-- \/ Yoast SEO plugin. -->","yoast_head_json":{"title":"Samolepljive etikete - M&amp;M EXCo plast sistem","robots":{"index":"index","follow":"follow","max-snippet":"max-snippet:-1","max-image-preview":"max-image-preview:large","max-video-preview":"max-video-preview:-1"},"canonical":"https:\/\/mmexcoplast.rs\/en\/proizvodi\/mono-materijali\/samolepljive-etikete\/","og_locale":"en_US","og_type":"article","og_title":"Samolepljive etikete - M&amp;M EXCo plast sistem","og_description":"1.\u00a0Zavr\u0161ni sloj - daje etiketi boju i fini\u0161, prima otisak i pove\u0107ava otpornost na vremenske uticaje, hemikalije i toplotu. 2. Podloga - daje etiketi oblik i obezbe\u0111uje mehani\u010dka svojstva, kao \u0161to su zatezna \u010dvrsto\u0107a i fleksibilnost, i fizi\u010dka svojstva, kao \u0161to su hemijska i temperaturna otpornost. 3. Lepak\u00a0\u00a0 Akril: Odli\u010dne karakteristike prijanjanja oko op\u0161te primene. [&hellip;]","og_url":"https:\/\/mmexcoplast.rs\/en\/proizvodi\/mono-materijali\/samolepljive-etikete\/","og_site_name":"M&amp;M EXCo plast sistem","article_modified_time":"2020-10-24T13:17:38+00:00","twitter_card":"summary_large_image","twitter_misc":{"Est. reading time":"2 minutes"},"schema":{"@context":"https:\/\/schema.org","@graph":[{"@type":"WebPage","@id":"https:\/\/mmexcoplast.rs\/proizvodi\/mono-materijali\/samolepljive-etikete\/","url":"https:\/\/mmexcoplast.rs\/proizvodi\/mono-materijali\/samolepljive-etikete\/","name":"Samolepljive etikete - M&amp;M EXCo plast sistem","isPartOf":{"@id":"https:\/\/mmexcoplast.rs\/#website"},"datePublished":"2020-07-04T17:23:07+00:00","dateModified":"2020-10-24T13:17:38+00:00","breadcrumb":{"@id":"https:\/\/mmexcoplast.rs\/proizvodi\/mono-materijali\/samolepljive-etikete\/#breadcrumb"},"inLanguage":"en-US","potentialAction":[{"@type":"ReadAction","target":["https:\/\/mmexcoplast.rs\/proizvodi\/mono-materijali\/samolepljive-etikete\/"]}]},{"@type":"BreadcrumbList","@id":"https:\/\/mmexcoplast.rs\/proizvodi\/mono-materijali\/samolepljive-etikete\/#breadcrumb","itemListElement":[{"@type":"ListItem","position":1,"name":"Home","item":"https:\/\/mmexcoplast.rs\/"},{"@type":"ListItem","position":2,"name":"Proizvodi","item":"https:\/\/mmexcoplast.rs\/proizvodi\/"},{"@type":"ListItem","position":3,"name":"Mono materijali","item":"https:\/\/mmexcoplast.rs\/proizvodi\/mono-materijali\/"},{"@type":"ListItem","position":4,"name":"Samolepljive etikete"}]},{"@type":"WebSite","@id":"https:\/\/mmexcoplast.rs\/#website","url":"https:\/\/mmexcoplast.rs\/","name":"M&M EXCo plast sistem","description":"","publisher":{"@id":"https:\/\/mmexcoplast.rs\/#organization"},"potentialAction":[{"@type":"SearchAction","target":{"@type":"EntryPoint","urlTemplate":"https:\/\/mmexcoplast.rs\/?s={search_term_string}"},"query-input":{"@type":"PropertyValueSpecification","valueRequired":true,"valueName":"search_term_string"}}],"inLanguage":"en-US"},{"@type":"Organization","@id":"https:\/\/mmexcoplast.rs\/#organization","name":"M&M EXCo plast","url":"https:\/\/mmexcoplast.rs\/","logo":{"@type":"ImageObject","inLanguage":"en-US","@id":"https:\/\/mmexcoplast.rs\/#\/schema\/logo\/image\/","url":"https:\/\/mmexcoplast.rs\/wp-content\/uploads\/2020\/06\/LOGO.png","contentUrl":"https:\/\/mmexcoplast.rs\/wp-content\/uploads\/2020\/06\/LOGO.png","width":447,"height":219,"caption":"M&M EXCo plast"},"image":{"@id":"https:\/\/mmexcoplast.rs\/#\/schema\/logo\/image\/"}}]}},"_links":{"self":[{"href":"https:\/\/mmexcoplast.rs\/en\/wp-json\/wp\/v2\/pages\/329"}],"collection":[{"href":"https:\/\/mmexcoplast.rs\/en\/wp-json\/wp\/v2\/pages"}],"about":[{"href":"https:\/\/mmexcoplast.rs\/en\/wp-json\/wp\/v2\/types\/page"}],"author":[{"embeddable":true,"href":"https:\/\/mmexcoplast.rs\/en\/wp-json\/wp\/v2\/users\/1"}],"replies":[{"embeddable":true,"href":"https:\/\/mmexcoplast.rs\/en\/wp-json\/wp\/v2\/comments?post=329"}],"version-history":[{"count":0,"href":"https:\/\/mmexcoplast.rs\/en\/wp-json\/wp\/v2\/pages\/329\/revisions"}],"up":[{"embeddable":true,"href":"https:\/\/mmexcoplast.rs\/en\/wp-json\/wp\/v2\/pages\/313"}],"wp:attachment":[{"href":"https:\/\/mmexcoplast.rs\/en\/wp-json\/wp\/v2\/media?parent=329"}],"curies":[{"name":"wp","href":"https:\/\/api.w.org\/{rel}","templated":true}]}}